{"id":2857,"date":"2021-04-11T17:21:01","date_gmt":"2021-04-11T17:21:01","guid":{"rendered":"https:\/\/hastalaswebs.com\/?page_id=2857"},"modified":"2021-04-11T17:43:13","modified_gmt":"2021-04-11T17:43:13","slug":"politica-de-cookies","status":"publish","type":"page","link":"https:\/\/hastalaswebs.com\/index.php\/politica-de-cookies\/","title":{"rendered":"Pol\u00edtica de Cookies"},"content":{"rendered":"\t\t<div data-elementor-type=\"wp-page\" data-elementor-id=\"2857\" class=\"elementor elementor-2857\" data-elementor-settings=\"{&quot;ha_cmc_init_switcher&quot;:&quot;no&quot;}\">\n\t\t\t\t\t\t<section class=\"elementor-section elementor-top-section elementor-element elementor-element-6dc99c1d elementor-section-boxed elementor-section-height-default elementor-section-height-default\" data-id=\"6dc99c1d\" data-element_type=\"section\" data-settings=\"{&quot;_ha_eqh_enable&quot;:false}\">\n\t\t\t\t\t\t<div class=\"elementor-container elementor-column-gap-default\">\n\t\t\t\t\t<div class=\"elementor-column elementor-col-100 elementor-top-column elementor-element elementor-element-3c346f71\" data-id=\"3c346f71\" data-element_type=\"column\">\n\t\t\t<div class=\"elementor-widget-wrap elementor-element-populated\">\n\t\t\t\t\t\t<div class=\"elementor-element elementor-element-2198771f elementor-widget elementor-widget-text-editor\" data-id=\"2198771f\" data-element_type=\"widget\" data-widget_type=\"text-editor.default\">\n\t\t\t\t<div class=\"elementor-widget-container\">\n\t\t\t\t\t\t\t\t\t<p><span style=\"font-style: inherit; font-weight: inherit;\">Si quieres saber m\u00e1s sobre el uso de&nbsp;<\/span><em style=\"font-weight: inherit;\">cookies<\/em><span style=\"font-style: inherit; font-weight: inherit;\">&nbsp;que realiza este sitio web&nbsp;<\/span><span style=\"font-weight: 700;\"><a href=\"https:\/\/percusionistas.net\/\" style=\"color: rgb(39, 40, 77); outline: 0px;\">hastalaswebs.com<\/a><\/span><strong style=\"font-style: inherit;\">,<\/strong><span style=\"font-style: inherit; font-weight: inherit;\">&nbsp;est\u00e1s en el lugar indicado.&nbsp; A continuaci\u00f3n, vamos a explicarte qu\u00e9 son exactamente las&nbsp;<\/span><em style=\"font-weight: inherit;\">cookies<\/em><span style=\"font-style: inherit; font-weight: inherit;\">; qu\u00e9 tipo de&nbsp;<\/span><em style=\"font-weight: inherit;\">cookies<\/em><span style=\"font-style: inherit; font-weight: inherit;\">&nbsp;utilizamos y para qu\u00e9; y c\u00f3mo puedes ejercer tu derecho para configurar tu navegador y desestimar el uso de cualquiera de ellas.<\/span><br><\/p>\n<p><span style=\"font-style: inherit; font-weight: inherit;\">Eso s\u00ed, debes saber, que si decides no utilizar algunas&nbsp;<\/span><em style=\"font-weight: inherit;\">cookies<\/em><span style=\"font-style: inherit; font-weight: inherit;\">, este sitio web puede no funcionar perfectamente, afectando a tu experiencia de usuario.<\/span><\/p>\n<p><span style=\"font-style: inherit; font-weight: inherit;\">\u00bf<\/span><strong style=\"font-style: inherit;\">QU\u00c9 ES UNA COOKIE<\/strong><span style=\"font-style: inherit; font-weight: inherit;\">?<\/span><br><\/p>\n<p><span style=\"font-style: inherit; font-weight: inherit;\">Una&nbsp;<\/span><em style=\"font-weight: inherit;\">cookie<\/em><span style=\"font-style: inherit; font-weight: inherit;\">&nbsp;es un fichero que se descarga en tu ordenador al acceder a determinadas p\u00e1ginas web o blogs.<\/span><\/p>\n<p><span style=\"font-style: inherit; font-weight: inherit;\">Las&nbsp;<\/span><em style=\"font-weight: inherit;\">cookies<\/em><span style=\"font-style: inherit; font-weight: inherit;\">&nbsp;permiten a esa p\u00e1gina, entre otras cosas, almacenar y recuperar informaci\u00f3n sobre tus h\u00e1bitos de navegaci\u00f3n o de tu equipo, y dependiendo de la informaci\u00f3n que contengan y de la forma en que utilices tu equipo, pueden utilizarse para reconocerte.<\/span><\/p>\n<p><span style=\"font-style: inherit; font-weight: inherit;\">El navegador del usuario memoriza&nbsp;<\/span><em style=\"font-weight: inherit;\">cookies<\/em><span style=\"font-style: inherit; font-weight: inherit;\">&nbsp;en el disco duro solamente durante la sesi\u00f3n actual ocupando un espacio de memoria m\u00ednimo y no perjudicando al ordenador. Las&nbsp;<\/span><em style=\"font-weight: inherit;\">cookies<\/em><span style=\"font-style: inherit; font-weight: inherit;\">&nbsp;no contienen ninguna clase de informaci\u00f3n personal espec\u00edfica, y la mayor\u00eda de las mismas se borran del disco duro al finalizar la sesi\u00f3n de navegador (las denominadas&nbsp;<\/span><em style=\"font-weight: inherit;\">cookies<\/em><span style=\"font-style: inherit; font-weight: inherit;\">&nbsp;de sesi\u00f3n).<\/span><br><\/p>\n<p><span style=\"font-style: inherit; font-weight: inherit;\">La mayor\u00eda de los navegadores aceptan como est\u00e1ndar a las&nbsp;<\/span><em style=\"font-weight: inherit;\">cookies<\/em><span style=\"font-style: inherit; font-weight: inherit;\">&nbsp;y, con independencia de las mismas, permiten o impiden en los ajustes de seguridad las&nbsp;<\/span><em style=\"font-weight: inherit;\">cookies<\/em><span style=\"font-style: inherit; font-weight: inherit;\">&nbsp;temporales o memorizadas.<\/span><br><\/p>\n<p><span style=\"font-style: inherit; font-weight: inherit;\">Las&nbsp;<\/span><em style=\"font-weight: inherit;\">cookies<\/em><span style=\"font-style: inherit; font-weight: inherit;\">&nbsp;se asocian al navegador, no a la persona, por lo que no suelen almacenar informaci\u00f3n sensible sobre ti como tarjetas de cr\u00e9dito o datos bancarios, fotograf\u00edas o informaci\u00f3n personal, etc. Los datos que guardan son de car\u00e1cter t\u00e9cnico, estad\u00edsticos, preferencias personales, personalizaci\u00f3n de contenidos, etc.<\/span><br><\/p>\n<p><strong style=\"font-style: inherit;\">ACEPTACI\u00d3N DE LAS COOKIES: NORMATIVA VIGENTE<\/strong><br><\/p>\n<p><span style=\"font-style: inherit; font-weight: inherit;\">Al acceder a este sitio web, y de acuerdo a la normativa vigente en materia de protecci\u00f3n de datos, te informamos del uso de&nbsp;<\/span><em style=\"font-weight: inherit;\">cookies<\/em><span style=\"font-style: inherit; font-weight: inherit;\">, d\u00e1ndote la opci\u00f3n de aceptarlas expresamente y de acceder a m\u00e1s informaci\u00f3n a trav\u00e9s de esta Pol\u00edtica de Cookies.<\/span><br><\/p>\n<p><span style=\"font-style: inherit; font-weight: inherit;\">Debes saber que, en el caso de continuar navegando, estar\u00e1s prestando tu consentimiento para el empleo de estas&nbsp;<\/span><em style=\"font-weight: inherit;\">cookies<\/em><span style=\"font-style: inherit; font-weight: inherit;\">. Pero, en cualquier momento, podr\u00e1s cambiar de opini\u00f3n y bloquear su utilizaci\u00f3n a trav\u00e9s de tu navegador.<\/span><br><\/p>\n<p><span style=\"font-style: inherit; font-weight: inherit;\">Para tu total tranquilidad, este sitio web cumple con lo estipulado en la normativa vigente en relaci\u00f3n con el uso de las&nbsp;<\/span><em style=\"font-weight: inherit;\">cookies<\/em><span style=\"font-style: inherit; font-weight: inherit;\">&nbsp;y tus datos personales:<\/span><br><\/p>\n<p><span style=\"font-style: inherit; font-weight: inherit;\">El reglamento LSSI-CE (<\/span><strong style=\"font-style: inherit;\">Ley de la sociedad de la informaci\u00f3n y del comercio electr\u00f3nico<\/strong><span style=\"font-style: inherit; font-weight: inherit;\">).<\/span><br><\/p>\n<p><span style=\"font-style: inherit; font-weight: inherit;\">El&nbsp;<\/span><strong style=\"font-style: inherit;\">RGPD&nbsp;<\/strong><span style=\"font-style: inherit; font-weight: inherit;\">(<\/span><strong style=\"font-style: inherit;\">Reglamento (UE) 2016\/679 del Parlamento Europeo y del Consejo de 27 de abril de 2016 relativo a la protecci\u00f3n de las personas f\u00edsicas<\/strong><span style=\"font-style: inherit; font-weight: inherit;\">), que unifica la regulaci\u00f3n del tratamiento de los datos personales en los pa\u00edses de la UE.<\/span><br><\/p>\n<p><span style=\"font-style: inherit; font-weight: inherit;\">Esta Pol\u00edtica de Cookies podr\u00eda modificarse en cualquier momento para adaptarse a novedades normativas o cambios en nuestras actividades, siendo vigente la que en cada momento se encuentre publicada en la web.<\/span><br><\/p>\n<p><strong style=\"font-style: inherit;\">TIPOS DE COOKIES<\/strong><br><\/p>\n<p><span style=\"font-style: inherit; font-weight: inherit;\">Para poder ofrecerte una mejor experiencia de usuario, obtener datos anal\u00edticos, almacenar y recuperar informaci\u00f3n sobre tus h\u00e1bitos de navegaci\u00f3n o de tu equipo y desarrollar su actividad, este sitio web&nbsp;<\/span><span style=\"font-weight: 700;\"><a href=\"https:\/\/percusionistas.net\/\" style=\"color: rgb(39, 40, 77); outline: 0px;\">hastalaswebs.com<\/a><\/span><strong style=\"font-style: inherit;\">,<\/strong><span style=\"font-style: inherit; font-weight: inherit;\">&nbsp;utiliza&nbsp;<\/span><em style=\"font-weight: inherit;\">cookies<\/em><span style=\"font-style: inherit; font-weight: inherit;\">&nbsp;propias y de terceros.<\/span><br><\/p>\n<p><strong style=\"font-style: inherit;\">\u00bfQu\u00e9 tipos de&nbsp;<\/strong><strong style=\"font-style: inherit;\"><em>cookies<\/em><\/strong><strong style=\"font-style: inherit;\">&nbsp;utiliza este sitio web?<\/strong><\/p>\n<ul>\n<li><strong>Cookies t\u00e9cnicas<\/strong>: Son aquellas que permiten al usuario la navegaci\u00f3n a trav\u00e9s de una p\u00e1gina web, plataforma o aplicaci\u00f3n y la utilizaci\u00f3n de las diferentes opciones o servicios que en ella existan como, por ejemplo, controlar el tr\u00e1fico y la comunicaci\u00f3n de datos, identificar la sesi\u00f3n, acceder a partes de acceso restringido, recordar los elementos que integran un pedido, realizar el proceso de compra de un pedido, realizar la solicitud de inscripci\u00f3n o participaci\u00f3n en un evento, utilizar elementos de seguridad durante la navegaci\u00f3n, almacenar contenidos para la difusi\u00f3n de videos o sonido o compartir contenidos a trav\u00e9s de redes sociales.<\/li>\n<li><strong>Cookies de personalizaci\u00f3n<\/strong>: Son aquellas que permiten al usuario acceder al servicio con algunas caracter\u00edsticas de car\u00e1cter general predefinidas en funci\u00f3n de una serie de criterios en el terminal del usuario como por ejemplo serian el idioma, el tipo de navegador a trav\u00e9s del cual accede al servicio, la configuraci\u00f3n regional desde donde accede al servicio, etc.<\/li>\n<li><strong>Cookies de an\u00e1lisis<\/strong>: Son aquellas que bien tratadas por nosotros o por terceros, nos permiten cuantificar el n\u00famero de usuarios y as\u00ed realizar la medici\u00f3n y an\u00e1lisis estad\u00edstico de la utilizaci\u00f3n que hacen los usuarios del servicio ofertado. Para ello se analiza tu navegaci\u00f3n en nuestra p\u00e1gina web con el fin de mejorar la oferta de productos o servicios que le ofrecemos.<\/li>\n<li><strong>Cookies publicitarias<\/strong>: Son aquellas que, bien tratadas por nosotros o por terceros, nos permiten gestionar de la forma m\u00e1s eficaz posible la oferta de los espacios publicitarios que hay en la p\u00e1gina web, adecuando el contenido del anuncio al contenido del servicio solicitado o al uso que realice de nuestra p\u00e1gina web. Para ello podemos analizar tus h\u00e1bitos de navegaci\u00f3n en Internet y podemos mostrarte publicidad relacionada con tu perfil de navegaci\u00f3n.<\/li>\n<li><strong>Cookies de publicidad comportamental<\/strong>: Son aquellas que permiten la gesti\u00f3n, de la forma m\u00e1s eficaz posible, de los espacios publicitarios que, en su caso, el editor haya incluido en una p\u00e1gina web, aplicaci\u00f3n o plataforma desde la que presta el servicio solicitado. Estas&nbsp;<em>cookies<\/em>&nbsp;almacenan informaci\u00f3n del comportamiento de los usuarios obtenida a trav\u00e9s de la observaci\u00f3n continuada de sus h\u00e1bitos de navegaci\u00f3n, lo que permite desarrollar un perfil espec\u00edfico para mostrar publicidad en funci\u00f3n del mismo.<\/li>\n<li><strong>Cookies de terceros<\/strong>: Esta web&nbsp;<span style=\"font-weight: 700;\"><a href=\"https:\/\/percusionistas.net\/\" style=\"color: rgb(39, 40, 77); outline: 0px;\">hastalaswebs.com<\/a><\/span>&nbsp;puede utilizar servicios de terceros que, por cuenta de Google, recopilar\u00e1n informaci\u00f3n con fines estad\u00edsticos, de uso del sitio por parte del usuario y para la prestaci\u00f3n de otros servicios relacionados con la actividad del sitio web y otros servicios de Internet.<\/li>\n<\/ul>\n<p><span style=\"font-style: inherit; font-weight: inherit;\">En particular, este sitio web utiliza Google Analytics, un servicio anal\u00edtico de web prestado por Google, Inc. con domicilio en los Estados Unidos con sede central en 1600 Amphitheatre Parkway, Mountain View, California 94043. Para la prestaci\u00f3n de estos servicios, Google utiliza&nbsp;<\/span><em style=\"font-weight: inherit;\">cookies<\/em><span style=\"font-style: inherit; font-weight: inherit;\">&nbsp;que recopilan la informaci\u00f3n, incluida la direcci\u00f3n IP del usuario, que ser\u00e1 transmitida, tratada y almacenada por Google en los t\u00e9rminos fijados en la web Google.com. Esto incluye la posible transmisi\u00f3n de dicha informaci\u00f3n a terceros por razones de exigencia legal o cuando dichos terceros procesen la informaci\u00f3n por cuenta de Google.<\/span><\/p>\n<p><strong style=\"font-style: inherit;\">GESTIONAR Y RECHAZAR EL USO DE COOKIES<\/strong><br><\/p>\n<p><span style=\"font-style: inherit; font-weight: inherit;\">En cualquier momento, puedes adaptar la configuraci\u00f3n del navegador para gestionar, desestimar el uso de&nbsp;<\/span><em style=\"font-weight: inherit;\">cookies<\/em><span style=\"font-style: inherit; font-weight: inherit;\">&nbsp;y ser notificado antes de que se descarguen.<\/span><br><\/p>\n<p><span style=\"font-style: inherit; font-weight: inherit;\">Tambi\u00e9n puedes adaptar la configuraci\u00f3n de forma que el navegador rechace todas las&nbsp;<\/span><em style=\"font-weight: inherit;\">cookies<\/em><span style=\"font-style: inherit; font-weight: inherit;\">, o \u00fanicamente las&nbsp;<\/span><em style=\"font-weight: inherit;\">cookies<\/em><span style=\"font-style: inherit; font-weight: inherit;\">&nbsp;de terceros. Y tambi\u00e9n puedes eliminar cualquiera de las&nbsp;<\/span><em style=\"font-weight: inherit;\">cookies<\/em><span style=\"font-style: inherit; font-weight: inherit;\">&nbsp;que ya se encuentren en tu equipo.<\/span><br><\/p>\n<p><span style=\"font-style: inherit; font-weight: inherit;\">Para esto, debes tener en cuenta que tendr\u00e1s que adaptar por separado la configuraci\u00f3n de cada navegador y equipo que utilices ya que, como te hemos comentado anteriormente, las&nbsp;<\/span><em style=\"font-weight: inherit;\">cookies<\/em><span style=\"font-style: inherit; font-weight: inherit;\">&nbsp;se asocian al navegador, no a la persona.<\/span><\/p>\n<p><strong><a href=\"https:\/\/support.google.com\/chrome\/answer\/95647?hl=es-419\">Google Chrome<\/a><\/strong><\/p>\n<p><strong><a href=\"https:\/\/support.microsoft.com\/es-es\/help\/17442\/windows-internet-explorer-delete-manage-cookies#ie=ie-10\">Internet Explorer<\/a><\/strong><\/p>\n<p><strong><a href=\"https:\/\/support.mozilla.org\/es\/kb\/habilitar-y-deshabilitar-cookies-sitios-web-rastrear-preferencias?redirectlocale=es&amp;redirectslug=habilitar-y-deshabilitar-cookies-que-los-sitios-we\">Mozilla Firefox<\/a><\/strong><\/p>\n<p><strong><a href=\"https:\/\/support.apple.com\/es-es\/HT201265\">Apple Safari<\/a><\/strong><\/p>\n<p><span style=\"font-style: inherit; font-weight: inherit;\">Si tienes cualquier duda sobre esta Pol\u00edtica de Cookies, puedes contactar con nosotros envi\u00e1ndonos un mail a&nbsp;<\/span><strong style=\"font-style: inherit;\">info@hastalaswebs.com<\/strong><span style=\"font-style: inherit; font-weight: inherit;\">.<\/span><\/p>\t\t\t\t\t\t\t\t<\/div>\n\t\t\t\t<\/div>\n\t\t\t\t\t<\/div>\n\t\t<\/div>\n\t\t\t\t\t<\/div>\n\t\t<\/section>\n\t\t\t\t<section class=\"elementor-section elementor-top-section elementor-element elementor-element-9fa662f elementor-section-boxed elementor-section-height-default elementor-section-height-default\" data-id=\"9fa662f\" data-element_type=\"section\" data-settings=\"{&quot;background_background&quot;:&quot;classic&quot;,&quot;_ha_eqh_enable&quot;:false}\">\n\t\t\t\t\t\t<div class=\"elementor-container elementor-column-gap-default\">\n\t\t\t\t\t<div class=\"elementor-column elementor-col-100 elementor-top-column elementor-element elementor-element-01fc77e\" data-id=\"01fc77e\" data-element_type=\"column\">\n\t\t\t<div class=\"elementor-widget-wrap elementor-element-populated\">\n\t\t\t\t\t\t<section class=\"elementor-section elementor-inner-section elementor-element elementor-element-70eeedd elementor-section-boxed elementor-section-height-default elementor-section-height-default\" data-id=\"70eeedd\" data-element_type=\"section\" data-settings=\"{&quot;_ha_eqh_enable&quot;:false}\">\n\t\t\t\t\t\t<div class=\"elementor-container elementor-column-gap-default\">\n\t\t\t\t\t<div class=\"elementor-column elementor-col-50 elementor-inner-column elementor-element elementor-element-56a7a04\" data-id=\"56a7a04\" data-element_type=\"column\">\n\t\t\t<div class=\"elementor-widget-wrap elementor-element-populated\">\n\t\t\t\t\t\t<div class=\"elementor-element elementor-element-93f1f76 elementor-widget elementor-widget-heading\" data-id=\"93f1f76\" data-element_type=\"widget\" data-widget_type=\"heading.default\">\n\t\t\t\t<div class=\"elementor-widget-container\">\n\t\t\t\t\t<h4 class=\"elementor-heading-title elementor-size-default\"><a href=\"https:\/\/hastalaswebs.com\/\"><b>HOME<\/b><\/a><\/h4>\t\t\t\t<\/div>\n\t\t\t\t<\/div>\n\t\t\t\t\t<\/div>\n\t\t<\/div>\n\t\t\t\t<div class=\"elementor-column elementor-col-50 elementor-inner-column elementor-element elementor-element-8cad8a9\" data-id=\"8cad8a9\" data-element_type=\"column\">\n\t\t\t<div class=\"elementor-widget-wrap elementor-element-populated\">\n\t\t\t\t\t\t<div class=\"elementor-element elementor-element-461888b elementor-widget elementor-widget-heading\" data-id=\"461888b\" data-element_type=\"widget\" data-widget_type=\"heading.default\">\n\t\t\t\t<div class=\"elementor-widget-container\">\n\t\t\t\t\t<h4 class=\"elementor-heading-title elementor-size-default\"><a href=\"https:\/\/hastalaswebs.com\/?page_id=2776\"><b>BLOG<\/b><\/a><\/h4>\t\t\t\t<\/div>\n\t\t\t\t<\/div>\n\t\t\t\t\t<\/div>\n\t\t<\/div>\n\t\t\t\t\t<\/div>\n\t\t<\/section>\n\t\t\t\t\t<\/div>\n\t\t<\/div>\n\t\t\t\t\t<\/div>\n\t\t<\/section>\n\t\t\t\t<\/div>\n\t\t","protected":false},"excerpt":{"rendered":"<p>Si quieres saber m\u00e1s sobre el uso de&nbsp;cookies&nbsp;que realiza este sitio web&nbsp;hastalaswebs.com,&nbsp;est\u00e1s en el lugar indicado.&nbsp; A continuaci\u00f3n, vamos a explicarte qu\u00e9 son exactamente las&nbsp;cookies; qu\u00e9 tipo de&nbsp;cookies&nbsp;utilizamos y para qu\u00e9; y c\u00f3mo puedes ejercer tu derecho para configurar tu navegador y desestimar el uso de cualquiera de ellas. Eso s\u00ed, debes saber, que si [&hellip;]<\/p>\n","protected":false},"author":1,"featured_media":0,"parent":0,"menu_order":0,"comment_status":"closed","ping_status":"closed","template":"","meta":{"site-sidebar-layout":"default","site-content-layout":"default","ast-site-content-layout":"default","site-content-style":"default","site-sidebar-style":"default","ast-global-header-display":"","ast-banner-title-visibility":"","ast-main-header-display":"","ast-hfb-above-header-display":"","ast-hfb-below-header-display":"","ast-hfb-mobile-header-display":"","site-post-title":"","ast-breadcrumbs-content":"","ast-featured-img":"","footer-sml-layout":"","ast-disable-related-posts":"","theme-transparent-header-meta":"default","adv-header-id-meta":"","stick-header-meta":"","header-above-stick-meta":"","header-main-stick-meta":"","header-below-stick-meta":"","astra-migrate-meta-layouts":"default","ast-page-background-enabled":"default","ast-page-background-meta":{"desktop":{"background-color":"","background-image":"","background-repeat":"repeat","background-position":"center center","background-size":"auto","background-attachment":"scroll","background-type":"","background-media":"","overlay-type":"","overlay-color":"","overlay-opacity":"","overlay-gradient":""},"tablet":{"background-color":"","background-image":"","background-repeat":"repeat","background-position":"center center","background-size":"auto","background-attachment":"scroll","background-type":"","background-media":"","overlay-type":"","overlay-color":"","overlay-opacity":"","overlay-gradient":""},"mobile":{"background-color":"","background-image":"","background-repeat":"repeat","background-position":"center center","background-size":"auto","background-attachment":"scroll","background-type":"","background-media":"","overlay-type":"","overlay-color":"","overlay-opacity":"","overlay-gradient":""}},"ast-content-background-meta":{"desktop":{"background-color":"var(--ast-global-color-5)","background-image":"","background-repeat":"repeat","background-position":"center center","background-size":"auto","background-attachment":"scroll","background-type":"","background-media":"","overlay-type":"","overlay-color":"","overlay-opacity":"","overlay-gradient":""},"tablet":{"background-color":"var(--ast-global-color-5)","background-image":"","background-repeat":"repeat","background-position":"center center","background-size":"auto","background-attachment":"scroll","background-type":"","background-media":"","overlay-type":"","overlay-color":"","overlay-opacity":"","overlay-gradient":""},"mobile":{"background-color":"var(--ast-global-color-5)","background-image":"","background-repeat":"repeat","background-position":"center center","background-size":"auto","background-attachment":"scroll","background-type":"","background-media":"","overlay-type":"","overlay-color":"","overlay-opacity":"","overlay-gradient":""}},"footnotes":""},"class_list":["post-2857","page","type-page","status-publish","hentry"],"_links":{"self":[{"href":"https:\/\/hastalaswebs.com\/index.php\/wp-json\/wp\/v2\/pages\/2857","targetHints":{"allow":["GET"]}}],"collection":[{"href":"https:\/\/hastalaswebs.com\/index.php\/wp-json\/wp\/v2\/pages"}],"about":[{"href":"https:\/\/hastalaswebs.com\/index.php\/wp-json\/wp\/v2\/types\/page"}],"author":[{"embeddable":true,"href":"https:\/\/hastalaswebs.com\/index.php\/wp-json\/wp\/v2\/users\/1"}],"replies":[{"embeddable":true,"href":"https:\/\/hastalaswebs.com\/index.php\/wp-json\/wp\/v2\/comments?post=2857"}],"version-history":[{"count":8,"href":"https:\/\/hastalaswebs.com\/index.php\/wp-json\/wp\/v2\/pages\/2857\/revisions"}],"predecessor-version":[{"id":2893,"href":"https:\/\/hastalaswebs.com\/index.php\/wp-json\/wp\/v2\/pages\/2857\/revisions\/2893"}],"wp:attachment":[{"href":"https:\/\/hastalaswebs.com\/index.php\/wp-json\/wp\/v2\/media?parent=2857"}],"curies":[{"name":"wp","href":"https:\/\/api.w.org\/{rel}","templated":true}]}}